{"id":2037,"date":"2026-04-29T08:50:47","date_gmt":"2026-04-29T01:50:47","guid":{"rendered":"https:\/\/remcuacameragiare.com\/?page_id=2037"},"modified":"2026-04-29T08:55:50","modified_gmt":"2026-04-29T01:55:50","slug":"gioi-thieu","status":"publish","type":"page","link":"https:\/\/remcuacameragiare.com\/?page_id=2037","title":{"rendered":"Gi\u1edbi Thi\u1ec7u Chung"},"content":{"rendered":"\n<p><strong>\ud83c\udf1f THANH H\u1ea2I \u2013 R\u00c8M C\u1eecA | CAMERA | VI T\u00cdNH \u2013 GI\u1ea2I PH\u00c1P TO\u00c0N DI\u1ec6N CHO GIA \u0110\u00ccNH &amp; DOANH NGHI\u1ec6P \ud83c\udf1f<\/strong><\/p>\n\n\n\n<p>B\u1ea1n \u0111ang t\u00ecm m\u1ed9t \u0111\u1ecba ch\u1ec9 <strong>uy t\u00edn \u2013 ch\u1ea5t l\u01b0\u1ee3ng \u2013 \u0111a d\u1ecbch v\u1ee5<\/strong> t\u1ea1i \u0110\u1ed3ng Th\u00e1p \u0111\u1ec3 ho\u00e0n thi\u1ec7n kh\u00f4ng gian s\u1ed1ng, b\u1ea3o v\u1ec7 an ninh v\u00e0 n\u00e2ng c\u1ea5p c\u00f4ng ngh\u1ec7? <strong>Thanh H\u1ea3i<\/strong> ch\u00ednh l\u00e0 l\u1ef1a ch\u1ecdn \u0111\u00e1ng tin c\u1eady d\u00e0nh cho b\u1ea1n!<\/p>\n\n\n\n<p>\ud83d\udc8e V\u1edbi ph\u01b0\u01a1ng ch\u00e2m: <strong>\u201cLu\u00f4n \u0111\u1eb7t uy t\u00edn \u2013 ch\u1ea5t l\u01b0\u1ee3ng l\u00ean h\u00e0ng \u0111\u1ea7u\u201d<\/strong>, Thanh H\u1ea3i t\u1ef1 h\u00e0o mang \u0111\u1ebfn cho kh\u00e1ch h\u00e0ng h\u1ec7 sinh th\u00e1i d\u1ecbch v\u1ee5 \u0111a d\u1ea1ng, \u0111\u00e1p \u1ee9ng t\u1eeb nhu c\u1ea7u gia \u0111\u00ecnh \u0111\u1ebfn c\u1eeda h\u00e0ng, doanh nghi\u1ec7p.<\/p>\n\n\n\n<p>\ud83c\udfe0 <strong>L\u0128NH V\u1ef0C R\u00c8M C\u1eecA \u2013 N\u00c2NG T\u1ea6M KH\u00d4NG GIAN S\u1ed0NG<\/strong><br>Chuy\u00ean cung c\u1ea5p v\u00e0 thi c\u00f4ng:<br>\u2728 R\u00e8m c\u1eeda cao c\u1ea5p<br>\u2728 M\u00e0n khung, m\u00e0n s\u00e1o \u0111\u1ee9ng \u2013 s\u00e1o ngang<br>\u2728 M\u00e0n tr\u00fac, r\u00e8m v\u1ea3i, r\u00e8m tranh<br>\u2728 R\u00e8m c\u1ea7u v\u1ed3ng, r\u00e8m l\u00e1 d\u1ecdc, nh\u00f4m cao c\u1ea5p<br>\u2728 Ch\u0103n ga g\u1ed1i n\u1ec7m ch\u1ea5t l\u01b0\u1ee3ng<\/p>\n\n\n\n<p>\ud83d\udc49 \u0110\u1eb9p th\u1ea9m m\u1ef9 \u2013 b\u1ec1n ch\u1eafc \u2013 gi\u00e1 h\u1ee3p l\u00fd, ph\u00f9 h\u1ee3p m\u1ecdi kh\u00f4ng gian t\u1eeb nh\u00e0 \u1edf \u0111\u1ebfn v\u0103n ph\u00f2ng.<\/p>\n\n\n\n<figure class=\"wp-block-image size-large is-resized\"><img fetchpriority=\"high\" decoding=\"async\" width=\"768\" height=\"1024\" src=\"https:\/\/remcuacameragiare.com\/wp-content\/uploads\/2026\/04\/649235235_122168894324941397_5902132992405093809_n-768x1024.jpg\" alt=\"\" class=\"wp-image-1937\" style=\"object-fit:cover;width:900px;height:600px\" srcset=\"https:\/\/remcuacameragiare.com\/wp-content\/uploads\/2026\/04\/649235235_122168894324941397_5902132992405093809_n-768x1024.jpg 768w, https:\/\/remcuacameragiare.com\/wp-content\/uploads\/2026\/04\/649235235_122168894324941397_5902132992405093809_n-225x300.jpg 225w, https:\/\/remcuacameragiare.com\/wp-content\/uploads\/2026\/04\/649235235_122168894324941397_5902132992405093809_n-1152x1536.jpg 1152w, https:\/\/remcuacameragiare.com\/wp-content\/uploads\/2026\/04\/649235235_122168894324941397_5902132992405093809_n.jpg 1536w\" sizes=\"(max-width: 768px) 100vw, 768px\" \/><\/figure>\n\n\n\n<p>\ud83d\udcf7 <strong>CAMERA \u2013 VI T\u00cdNH \u2013 GI\u1ea2I PH\u00c1P C\u00d4NG NGH\u1ec6 HI\u1ec6N \u0110\u1ea0I<\/strong><br>Thanh H\u1ea3i c\u00f2n chuy\u00ean:<br>\ud83d\udd39 Cung c\u1ea5p \u2013 mua b\u00e1n \u2013 s\u1eeda ch\u1eefa laptop, m\u00e1y t\u00ednh, m\u00e1y in<br>\ud83d\udd39 L\u1eafp \u0111\u1eb7t camera an ninh ch\u00ednh h\u00e3ng<br>\ud83d\udd39 Thi c\u00f4ng h\u1ec7 th\u1ed1ng m\u1ea1ng LAN<br>\ud83d\udd39 \u0110\u00e8n n\u0103ng l\u01b0\u1ee3ng m\u1eb7t tr\u1eddi<br>\ud83d\udd39 C\u00e0i \u0111\u1eb7t b\u1ea3n quy\u1ec1n Windows, Office v\u00e0 ph\u1ea7n m\u1ec1m<\/p>\n\n\n\n<p>\u2699\ufe0f \u0110\u1ed9i ng\u0169 t\u1eadn t\u00e2m \u2013 h\u1ed7 tr\u1ee3 nhanh \u2013 t\u01b0 v\u1ea5n \u0111\u00fang nhu c\u1ea7u, gi\u00fap kh\u00e1ch h\u00e0ng ti\u1ebft ki\u1ec7m t\u1ed1i \u0111a chi ph\u00ed m\u00e0 v\u1eabn \u0111\u1ea3m b\u1ea3o hi\u1ec7u qu\u1ea3.<\/p>\n\n\n\n<p>\ud83d\udccd <strong>H\u1ec6 TH\u1ed0NG C\u1eecA H\u00c0NG THANH H\u1ea2I:<\/strong><br>\ud83c\udfea 47A \u0110\u01b0\u1eddng \u011001, Ch\u1ee3 V\u0129nh Th\u1ea1nh, Huy\u1ec7n L\u1ea5p V\u00f2, \u0110\u1ed3ng Th\u00e1p<br>\ud83c\udfea 303 Nguy\u1ec5n Sinh S\u1eafc, Ph\u01b0\u1eddng 1, TP. Sa \u0110\u00e9c, \u0110\u1ed3ng Th\u00e1p<\/p>\n\n\n\n<p>\ud83d\udcde <strong>Zalo\/Facebook:<\/strong> 0979 561 630<br>\ud83c\udf10 <strong>Website:<\/strong> remcuacameragiare.com<\/p>\n\n\n\n<p>\ud83e\udd1d <strong>Thanh H\u1ea3i kh\u00f4ng ch\u1ec9 b\u00e1n s\u1ea3n ph\u1ea9m \u2013 ch\u00fang t\u00f4i mang \u0111\u1ebfn gi\u1ea3i ph\u00e1p ti\u1ec7n nghi, an to\u00e0n v\u00e0 hi\u1ec7n \u0111\u1ea1i cho kh\u00e1ch h\u00e0ng.<\/strong><\/p>\n\n\n\n<p><strong>THANH H\u1ea2I \u2013 M\u1ed9t th\u01b0\u01a1ng hi\u1ec7u, tr\u1ecdn ni\u1ec1m tin, \u0111a d\u1ecbch v\u1ee5!<\/strong> \ud83d\ude80<\/p>\n\n\n\n<p><\/p>\n","protected":false},"excerpt":{"rendered":"<p>\ud83c\udf1f THANH H\u1ea2I \u2013 R\u00c8M C\u1eecA | CAMERA | VI T\u00cdNH \u2013 GI\u1ea2I PH\u00c1P TO\u00c0N DI\u1ec6N CHO GIA \u0110\u00ccNH &amp; DOANH NGHI\u1ec6P \ud83c\udf1f&hellip;<\/p>\n","protected":false},"author":1,"featured_media":0,"parent":0,"menu_order":0,"comment_status":"closed","ping_status":"closed","template":"","meta":{"footnotes":""},"class_list":["post-2037","page","type-page","status-publish","hentry"],"_links":{"self":[{"href":"https:\/\/remcuacameragiare.com\/index.php?rest_route=\/wp\/v2\/pages\/2037","targetHints":{"allow":["GET"]}}],"collection":[{"href":"https:\/\/remcuacameragiare.com\/index.php?rest_route=\/wp\/v2\/pages"}],"about":[{"href":"https:\/\/remcuacameragiare.com\/index.php?rest_route=\/wp\/v2\/types\/page"}],"author":[{"embeddable":true,"href":"https:\/\/remcuacameragiare.com\/index.php?rest_route=\/wp\/v2\/users\/1"}],"replies":[{"embeddable":true,"href":"https:\/\/remcuacameragiare.com\/index.php?rest_route=%2Fwp%2Fv2%2Fcomments&post=2037"}],"version-history":[{"count":4,"href":"https:\/\/remcuacameragiare.com\/index.php?rest_route=\/wp\/v2\/pages\/2037\/revisions"}],"predecessor-version":[{"id":2042,"href":"https:\/\/remcuacameragiare.com\/index.php?rest_route=\/wp\/v2\/pages\/2037\/revisions\/2042"}],"wp:attachment":[{"href":"https:\/\/remcuacameragiare.com\/index.php?rest_route=%2Fwp%2Fv2%2Fmedia&parent=2037"}],"curies":[{"name":"wp","href":"https:\/\/api.w.org\/{rel}","templated":true}]}}